{"id":2960,"date":"2010-01-05T17:49:14","date_gmt":"2010-01-05T15:49:14","guid":{"rendered":"http:\/\/v3.theodosii.com\/biographie"},"modified":"2021-08-12T14:58:23","modified_gmt":"2021-08-12T14:58:23","slug":"biography","status":"publish","type":"page","link":"https:\/\/theodosiispassov.com\/fr\/about-me\/biography\/","title":{"rendered":"Biographie"},"content":{"rendered":"\n<p>Kaval \u2013 &nbsp;&nbsp;Fl\u00fbte traditionnelle Bulgare en bois<\/p>\n\n\n\n<p>Th\u00e9odosii&nbsp; SPASSOV est n\u00e9 le 4 Mars 1961 \u00e0 Isperich, petite ville du nord-est de la Bulgarie. Son apprentissage du Kaval commen\u00e7a tr\u00e8s jeune \u00e0 l\u2019 Ecole de Musique de Kotel pour s\u2019\u00e9panouir ensuite &nbsp;\u00e0 l\u2019Acad\u00e9mie de Musique et de Danse de Plovdiv (seconde ville Bulgare). Le Kaval , une fl\u00fbte de berger en bois de 8 trous, est l\u2019un des instruments de musique les plus anciens d\u2019Europe et offre de grandes possibilit\u00e9s par sa richesse tonale et technique. Th\u00e9odosii SPASSOV a d\u00e9velopp\u00e9 son propre style qui lui est unique, en synth\u00e9thisant le folklore traditionnel avec le jazz, la musique classique et d\u2019autres genres.<\/p>\n\n\n\n<p>Depuis plus de 20 ans,&nbsp; Th\u00e9odosii fait des tourn\u00e9es dans toute l\u2019Europe, l\u2019Asie, le Moyen-Orient, l\u2019Australie, le Canada et les Etats-Unis. En 1994, Il joua avec le Choeur f\u00e9minin de la Radio de Sofia&nbsp; \u00ab&nbsp;Le Myst\u00e8re des Voix Bulgares&nbsp;\u00bb qui fut r\u00e9compens\u00e9 par un \u00abGrammy Award&nbsp;\u00bb. En Avril 1995, Th\u00e9odosii &nbsp;fut reconnu par le magazine Newsweek, dans un article intitul\u00e9 \u00ab&nbsp;Le meilleur de l\u2019Est&nbsp;\u00bb,&nbsp; comme l\u2019un des plus talentueux musicien de l\u2019Europe de l\u2019Est&nbsp;: \u00ab&nbsp;SPASSOV &#8230;. a&nbsp; non seulement surv\u00e9cu au g\u00e2chis culturel post-communiste, mais a vraiment invent\u00e9 un nouveau genre musical&nbsp;\u00bb.<\/p>\n\n\n\n<p>Th\u00e9odosii SPASSOV a contribu\u00e9 \u00e0 plus de 20 CDs , dont 4 en solo, qui ont \u00e9t\u00e9 remarqu\u00e9 mondialement. Il a compos\u00e9 et jou\u00e9 de nombreuses musiques de film, y compris une co-production Franco-Bulgare \u00ab&nbsp;Granitza&nbsp;\u00bb (La Fronti\u00e8re) en 1993. Il a, \u00e9galement, enregist\u00e9 les th\u00e8mes musicaux des films \u00ab&nbsp;An Italian Story&nbsp;\u00bb et \u00e9 The Brakout of the Innovent&nbsp;\u00bb avec les compositeurs Italiens Carlos SILIOTTO et Ennio MORRICONE. Lors de la quatri\u00e8me NUIT EUROPEENNE DU JAZZ, Th\u00e9odosii SPASSOV fut l\u2019un des artistes retenus avec d\u2019autres musiciens de Jazz comme Winton MARSALIS.<\/p>\n\n\n\n<p>En Bulgarie, Th\u00e9dosii SPASSOV est une figure Nationale et consid\u00e9r\u00e9 comme une \u00e9toile musicale. Il f\u00fbt r\u00e9cemment honor\u00e9 en tant que \u00ab&nbsp;Musicien de l\u2019Ann\u00e9e&nbsp;\u00bb.<\/p>\n\n\n\n<p>Th\u00e9odosii SPASSOV est Directeur Artistique de l\u2019ensemble \u00ab&nbsp;Philip KOUTEV&nbsp;\u00bb de Musique, art dramatique et danse dont la renomm\u00e9e est mondiale. Il est \u00e9galement membre du groupe Musical&nbsp; RIVERDANCE (musiques et danses Irlandaises) 1998-2001, et soliste \u00e0 la Radio Nationale Bulgare.<\/p>\n\n\n\n<h4 class=\"wp-block-heading\">Apprentissage:<\/h4>\n\n\n\n<p>Ecole de Musique de KOTEL, et Acad\u00e9mie de Musique de Danse de Plovdiv.<\/p>\n\n\n\n<h4 class=\"wp-block-heading\">Artistes avec lesquel Th\u00e9odosii SPASSOV a travaill\u00e9:<\/h4>\n\n\n\n<p>Jazz Linia, Trio \u201cBulgarka\u201d, Dave Liebman, Dimitrios Vassilakis, Andy Sheppard, Yldiz Ibrahimova, Ennio Morricone, Jamey Haddad, Vesselin Nikolov, Albert Mangelsdorf, Mark Johnson, Ivo Papazov, Trilok Gurtu, Radio Sofia Orchestras, Kazumi Watanabe, Acoustic Version, Glen Velez, \u201cLe Myst\u00e8re des Voix Bulgares\u201d, Rabih Abou-Khalil, Milcho Leviev, Dionisis Savopulos<\/p>\n\n\n\n<h4 class=\"wp-block-heading\">Concert en Solo en:<\/h4>\n\n\n\n<p>Argentine, Australie, Autriche, Br\u00e9sil, Canada, Finlande, Allemagne, Gr\u00e8ce, Hollande, Inde, Isra\u00ebl, Japon, N\u00e9pal, Russie, Espagne, Suisse, Turquie, Grande-Bretagne et U.S.A.&nbsp; &#8230;&#8230;.<\/p>\n\n\n\n<h4 class=\"wp-block-heading\">Tour Am\u00e9ricain:<\/h4>\n\n\n\n<p>\u201cRiverdance\u201d- Musque et Danses Irlandaises, &nbsp;extravaganza 1998-2001<\/p>\n\n\n\n<h4 class=\"wp-block-heading\">R\u00e9compenses:<\/h4>\n\n\n\n<ul class=\"wp-block-list\"><li>Prix Sp\u00e9cial du Festival de la Fl\u00fbte &#8211; Detroit, 1994<\/li><li>Prix de l\u2019Acad\u00e9mie Internationale des Arts \u2013 Paris -, 1996<\/li><li>\u201cMusicien de l\u2019Ann\u00e9e\u201d Gala National de Musique, 1997 et &nbsp;2002<\/li><li><em>Apollo Toxophoros<\/em> pour une Contribution Exceptionnelle \u00e0 la Musique Bulgare , 2001<\/li><li>R\u00e9compense du Centre National du Film&nbsp;: \u201dMeilleur Compositeur de musiques de Film\u201d, 2006<\/li><li>\u201cArtiste du Salon des Arts\u201d , 2007<\/li><\/ul>\n\n\n\n<h4 class=\"wp-block-heading\">Musique de Films:<\/h4>\n\n\n\n<ul class=\"wp-block-list\"><li>\u201cThe Warden of the Dead People\u201d (Le gardien des Morts), Compositeur<\/li><li>\u201cFollow Me\u201d (Suis-moi), Compositeur<\/li><li>\u201cKatalii\u201d, Compositeur<\/li><li>\u201cGori, gori, oganche\u201d, Compositeur<\/li><li>\u201cVesta\u201d, Compositeur<\/li><li>\u201cGranitsa\u201d(La Fronti\u00e8re), Compositeur<\/li><li>\u201cLa Corsa dell\u2019Innocene\u201d, Carlo Siliotto, Musicien<\/li><li>\u201cAn Italian Story\u201d, Ennio Morricone, Musicien<\/li><\/ul>\n\n\n\n<h4 class=\"wp-block-heading\">Enregistrements et CDs:<\/h4>\n\n\n\n<ul class=\"el-discography wp-block-list\"><li><a href=\"https:\/\/theodosiispassov.com\/fr\/discography\/theodosii-spassov-heavenly-strings\/\" title=\"Theodosii Spassov &amp; Heavenly Strings\">Theodosii Spassov &amp; Heavenly Strings<\/a>, THSP Music, 2010<\/li><li><a href=\"https:\/\/theodosiispassov.com\/fr\/discography\/open-mood\/\" title=\"Open mood\">Open mood<\/a>, THSP Music, 2010<\/li><li><a href=\"https:\/\/theodosiispassov.com\/fr\/discography\/black-sea-fire\/\" title=\"Black Sea Fire\">Black Sea Fire<\/a>, Jaro Records, 2010<\/li><li><a href=\"https:\/\/theodosiispassov.com\/fr\/discography\/personification\/\" title=\"Personification\">Personification<\/a> , Gega New, 2009<\/li><li><a href=\"https:\/\/theodosiispassov.com\/fr\/discography\/bace-quartet\/\" title=\"Bace Quartet\">Bace Quartet<\/a> \u2014Guerre Propre, Chicken Madness, 2006<\/li><li><a href=\"https:\/\/theodosiispassov.com\/fr\/discography\/v%d1%8fra\/\" title=\"V\u042fRA\">Viara<\/a>, THSP Music, 2006<\/li><li><a href=\"https:\/\/theodosiispassov.com\/fr\/discography\/gambit\/\" title=\"Gambit\">Gambit<\/a>, ENJA RECORDS, 2004<\/li><li><a href=\"https:\/\/theodosiispassov.com\/fr\/discography\/treta-majka\/\" title=\"TRETA MAJKA\">Treta Majka<\/a>, Avalon Production, 2004<\/li><li><a href=\"https:\/\/theodosiispassov.com\/fr\/discography\/titla\/\" title=\"Titla\">Titla<\/a>, GEGA NEW RECORDS, 2003<\/li><li><a href=\"https:\/\/theodosiispassov.com\/fr\/discography\/lot-lorien-theodosii-spassov\/\" title=\"Lot Lorien &amp; Theodosii Spassov\">Lot Lorien &amp; Theodosii Spassov-Live in Ohrid<\/a> ,<br>CLUB ETHNO \u2013 ART , 2003<\/li><li><a href=\"https:\/\/theodosiispassov.com\/fr\/discography\/echotopia\/\" title=\"Echotopia\">Echotopia<\/a> , FM RECORDS , 2003<\/li><li><a href=\"https:\/\/theodosiispassov.com\/fr\/discography\/theodosii-spassov-trio-live-in-london\/\" title=\"Theodosii Spassov Trio Live in London\">Theodosii Spassov Trio \u2013 Live in London<\/a> ,<br>BULGARIAN CREATIVE ARTS , 2003<\/li><li><a href=\"https:\/\/theodosiispassov.com\/fr\/discography\/non-standard-standards\/\" title=\"Non \u2013 Standard Standards\">Non \u2013 Standard Standards<\/a> , SIBULET LTD, 2003<\/li><li><a href=\"https:\/\/theodosiispassov.com\/fr\/discography\/encounters-on-the-road\/\" title=\"Encounters on The Road\">Encounters On The Road<\/a>, 41T Ltd, 2001<\/li><li><a href=\"https:\/\/theodosiispassov.com\/fr\/discography\/labyrinth\/\" title=\"Labyrinth\">Labyrinth<\/a>, CANDID,2001<\/li><li><a href=\"https:\/\/theodosiispassov.com\/fr\/discography\/the-spirit-of-bulgaria\/\" title=\"The Spirit Of Bulgaria\">The Spirit Of Bulgaria \/ Malka Moma<\/a>, EMAM, 1020 2001<\/li><li><a href=\"https:\/\/theodosiispassov.com\/fr\/discography\/ultramarin\/\" title=\"Ultramarin\">Ultramarin<\/a>,&nbsp;&nbsp;KUKER MUSIK, 2001<\/li><li><a href=\"https:\/\/theodosiispassov.com\/fr\/discography\/silhouettes\/\" title=\"Silhouettes\">Silhouettes<\/a>, STAIKO STAIKOV , 2001<\/li><li><a href=\"https:\/\/theodosiispassov.com\/fr\/discography\/the-fish-are-praying-for-rain\/\" title=\"The fish are praying for rain\">The Fish Praying For Rain<\/a>, TRADITIONAL CROSSROAD, 2000<\/li><li><a href=\"https:\/\/theodosiispassov.com\/fr\/discography\/na-trapeza\/\" title=\"Na Trapeza\">Na Trapeza<\/a>, GEGA NEW RECORDS, 2000<\/li><li><a href=\"https:\/\/theodosiispassov.com\/fr\/discography\/fairy-tale-trio\/\" title=\"Fairy Tale Trio\">Fairy Tale Trio<\/a>, VERGO, 1998<\/li><li><a href=\"https:\/\/theodosiispassov.com\/fr\/discography\/bulgarian-folk-dances\/\" title=\"Bulgarian Folk Dances\">Bulgarian Folk Dances<\/a>, HEMUS, 1998<\/li><li><a href=\"https:\/\/theodosiispassov.com\/fr\/discography\/bratimene\/\" title=\"Bratimene\">Bratimene<\/a>, GEGA NEW RECORDS, 1998<\/li><li><a href=\"https:\/\/theodosiispassov.com\/fr\/discography\/the-glimpse\/\" title=\"The Glimpse\">The Glimpse<\/a>, CMP RECORDS, 1997<\/li><li><a href=\"https:\/\/theodosiispassov.com\/fr\/discography\/everest-concert\/\" title=\"Everest Concert\">Everest Concert<\/a>, RFI, 1996<\/li><li>Atmospheric Conditions Permitting, ECM 1995<\/li><li><a href=\"https:\/\/theodosiispassov.com\/fr\/discography\/beyond-the-frontiers\/\" title=\"Beyond The Frontiers\">Beyond the Frontiers<\/a>, GEGA NEW RECORDS, 1995<\/li><li><a href=\"https:\/\/theodosiispassov.com\/fr\/discography\/welkya\/\" title=\"Welkya\">Welkya<\/a>, GEGA NEW RECORDS, 1994<\/li><li><a href=\"https:\/\/theodosiispassov.com\/fr\/discography\/karen-young\/\" title=\"Karen Young\">Karen Young<\/a>, URSH, 1992<\/li><li><a href=\"https:\/\/theodosiispassov.com\/fr\/discography\/gurbet-mohabet\/\" title=\"Gurbet Mohabet\">Gurbet Mohabet<\/a>, BALKANTON, 1990<\/li><li><a href=\"https:\/\/theodosiispassov.com\/fr\/discography\/the-sand-girl\/\" title=\"The Sand Girl\">The Sand Girl<\/a>, BALKANTON, 1989<\/li><li><a href=\"https:\/\/theodosiispassov.com\/fr\/discography\/the-long-road\/\" title=\"The Long Road\">The Long Road<\/a>, BALKANTON, 1986<\/li><\/ul>\n\n\n\n<p>.<\/p>\n\n\n\n<p><strong>Th\u00e9odosii<br>SPASSOV <\/strong>a invent\u00e9 un nouveau genre musical. Le magazine am\u00e9ricain NEWSWEEK a absolument raison. Ce g\u00e9nie Bulgare a d\u00e9velopp\u00e9 un style compl\u00e8tement nouveau et unique pour jouer du Kaval, une fl\u00fbte de berger en bois parmi les plus anciens instruments de musique en Europe.<\/p>\n\n\n\n<p><strong>Th\u00e9odosii <\/strong>arrive, gr\u00e2ce \u00e0 sa technique exceptionnelle et un sens artistique hors norme, \u00e0 tirer de son Kaval des m\u00e9lodies et sons inimaginables dans ses propres compositions. Elles incluent des \u00e9l\u00e9ments de folklore trafitionnel, de musique classique aussi bien que du Jazz et m\u00eame de la Pop musique. Sa mani\u00e8re unique de jouer de son Kaval a non seulement enthouthiasm\u00e9 ses admirateurs lors de concerts ou festivals, mais aussi impressionn\u00e9 les musiciens avec lesquel Th\u00e9odosii a collabor\u00e9. Parmi ceux-ci&nbsp;: Dave Liebman, Andy Sheppard, Yldiz Ibrahimova, Ennio Morricone, Jamey Haddad, Albert Mangelsdorff, Mark Johnson, Kazumi Watanabe et de nombreux autres.<\/p>\n\n\n\n<p>Avec son \u00e9tonnant Trio (avec Peyo et Pepi), <strong>Th\u00e9odosii<br>SPASSOV<\/strong> s\u2019est produit en Argentine, Australie, Autriche, Br\u00e9sil, Canafa, Finlande, Allemagne, Gr\u00e8ce, Hollande, Inde, Isra\u00ebl, Japon, N\u00e9pal, Russie, Espagne, Suisse, Turquie, Grande-Bretagne, Etats-Unis et bien s\u00fbr en Bulgarie o\u00f9 Th\u00e9odosii est consid\u00e9r\u00e9 comme un h\u00e9ro de la musique. Dans le Monde entier, il est connu comme un GRAMMY WINNER avec \u00ab&nbsp;le Myst\u00e8re des Voix Bulgares&nbsp;\u00bb (1994) , un compositeur de musique de films et un artiste de g\u00e9nie. Le nombre de fans accros \u00e0 sa musique ne cesse de s\u2019accro\u00eetre.<\/p>\n\n\n\n<p>Certains de ses fans n\u2019h\u00e9sitent pas \u00e0 dire que Th\u00e9odosii joue de son Kaval avec le extra-terrestres et qu\u2019il est, avec son instrument, aussi diaboliquement enchanteur que Paganini l\u2019\u00e9tait avec son violon.<\/p>\n\n\n\n<p>Th\u00e9odosii SPASSOV commen\u00e7a tr\u00e8s jeune \u00e0 apprendre \u00e0 jouer du Kaval \u00e0 Kotel, puis \u00e0 l\u2019Acad\u00e9mie de Musique et de Danse de Plovdiv (Bulgarie). Et enregistra ensuite 10 albums en solo (voir Discographie)&nbsp; et contribua \u00e0 11 autres albums avec d\u2019autres musiciens.<\/p>\n\n\n\n<h4 class=\"wp-block-heading\">Extraits de Presse :<\/h4>\n\n\n\n<p>NEWSWEEK: \u201cIl a vraiment cr\u00e9\u00e9 un nouveau genre musical .\u201d<\/p>\n\n\n\n<p>CHICAGO TRIBUNE: \u201c\u2026comme un m\u00e9lange musical &nbsp;entre Ian Anderson et Thelonius Monk.\u201d<\/p>\n\n\n\n<p>BERLINER MORGENPOST: \u201cCe qu\u2019il r\u00e9ussit \u00e0 produire avec sa fl\u00fbte de berger est Sensationnel.\u201d<\/p>\n\n\n\n<p>HOWARD ROVICS: \u201cSon travail avec son Kaval n\u2019a rien de moins que du pur g\u00e9nie.\u201d<\/p>\n\n\n\n<p>CHRIS NICKSON: \u201c\u2026.SPASSOV ressemble &nbsp;au fl\u00fbtiste et Saxophoniste Rahsaan Roland Kirk SAUF que SPASSOV joue avec une simple fl\u00fbte de berger de la campagne.\u201d<\/p>\n","protected":false},"excerpt":{"rendered":"<p>Kaval \u2013 &nbsp;&nbsp;Fl\u00fbte traditionnelle Bulgare en bois Th\u00e9odosii&nbsp; SPASSOV est n\u00e9 le 4 Mars 1961 \u00e0 Isperich, petite ville du nord-est de la Bulgarie. Son apprentissage du Kaval commen\u00e7a tr\u00e8s jeune \u00e0 l\u2019 Ecole de Musique de Kotel pour s\u2019\u00e9panouir ensuite &nbsp;\u00e0 l\u2019Acad\u00e9mie de Musique et de Danse de Plovdiv (seconde ville Bulgare). Le Kaval [&hellip;]<\/p>\n","protected":false},"author":1,"featured_media":6644,"parent":2957,"menu_order":0,"comment_status":"open","ping_status":"open","template":"static_page.php","meta":{"_acf_changed":false,"ngg_post_thumbnail":0,"footnotes":""},"class_list":["post-2960","page","type-page","status-publish","has-post-thumbnail","hentry"],"acf":[],"aioseo_notices":[],"_links":{"self":[{"href":"https:\/\/theodosiispassov.com\/fr\/wp-json\/wp\/v2\/pages\/2960","targetHints":{"allow":["GET"]}}],"collection":[{"href":"https:\/\/theodosiispassov.com\/fr\/wp-json\/wp\/v2\/pages"}],"about":[{"href":"https:\/\/theodosiispassov.com\/fr\/wp-json\/wp\/v2\/types\/page"}],"author":[{"embeddable":true,"href":"https:\/\/theodosiispassov.com\/fr\/wp-json\/wp\/v2\/users\/1"}],"replies":[{"embeddable":true,"href":"https:\/\/theodosiispassov.com\/fr\/wp-json\/wp\/v2\/comments?post=2960"}],"version-history":[{"count":2,"href":"https:\/\/theodosiispassov.com\/fr\/wp-json\/wp\/v2\/pages\/2960\/revisions"}],"predecessor-version":[{"id":6742,"href":"https:\/\/theodosiispassov.com\/fr\/wp-json\/wp\/v2\/pages\/2960\/revisions\/6742"}],"up":[{"embeddable":true,"href":"https:\/\/theodosiispassov.com\/fr\/wp-json\/wp\/v2\/pages\/2957"}],"wp:featuredmedia":[{"embeddable":true,"href":"https:\/\/theodosiispassov.com\/fr\/wp-json\/wp\/v2\/media\/6644"}],"wp:attachment":[{"href":"https:\/\/theodosiispassov.com\/fr\/wp-json\/wp\/v2\/media?parent=2960"}],"curies":[{"name":"wp","href":"https:\/\/api.w.org\/{rel}","templated":true}]}}