{"id":2957,"date":"2010-01-05T17:37:38","date_gmt":"2010-01-05T17:37:38","guid":{"rendered":"http:\/\/v3.theodosii.com\/qui-suis-je"},"modified":"2021-08-12T12:20:43","modified_gmt":"2021-08-12T12:20:43","slug":"about-me","status":"publish","type":"page","link":"https:\/\/theodosiispassov.com\/fr\/","title":{"rendered":"Qui Suis-Je ?"},"content":{"rendered":"\n<p>Th\u00e9odosii&nbsp; SPASSOV est n\u00e9 le 4 Mars 1961 \u00e0 Isperich, petite ville du nord-est de la Bulgarie. Son apprentissage du Kaval commen\u00e7a tr\u00e8s jeune \u00e0 l\u2019 Ecole de Musique de Kotel pour s\u2019\u00e9panouir ensuite &nbsp;\u00e0 l\u2019Acad\u00e9mie de Musique et de Danse de Plovdiv (seconde ville Bulgare). Le Kaval , une fl\u00fbte de berger en bois de 8 trous, est l\u2019un des instruments de musique les plus anciens d\u2019Europe et offre de grandes possibilit\u00e9s par sa richesse tonale et technique. Th\u00e9odosii SPASSOV a d\u00e9velopp\u00e9 son propre style qui lui est unique, en synth\u00e9thisant le folklore traditionnel avec le jazz, la musique classique et d\u2019autres genres.<\/p>\n","protected":false},"excerpt":{"rendered":"<p>Th\u00e9odosii&nbsp; SPASSOV est n\u00e9 le 4 Mars 1961 \u00e0 Isperich, petite ville du nord-est de la Bulgarie. Son apprentissage du Kaval commen\u00e7a tr\u00e8s jeune \u00e0 l\u2019 Ecole de Musique de Kotel pour s\u2019\u00e9panouir ensuite &nbsp;\u00e0 l\u2019Acad\u00e9mie de Musique et de Danse de Plovdiv (seconde ville Bulgare). Le Kaval , une fl\u00fbte de berger en bois [&hellip;]<\/p>\n","protected":false},"author":1,"featured_media":6659,"parent":0,"menu_order":0,"comment_status":"open","ping_status":"open","template":"home_page.php","meta":{"_acf_changed":false,"ngg_post_thumbnail":0,"footnotes":""},"class_list":["post-2957","page","type-page","status-publish","has-post-thumbnail","hentry"],"acf":[],"aioseo_notices":[],"_links":{"self":[{"href":"https:\/\/theodosiispassov.com\/fr\/wp-json\/wp\/v2\/pages\/2957","targetHints":{"allow":["GET"]}}],"collection":[{"href":"https:\/\/theodosiispassov.com\/fr\/wp-json\/wp\/v2\/pages"}],"about":[{"href":"https:\/\/theodosiispassov.com\/fr\/wp-json\/wp\/v2\/types\/page"}],"author":[{"embeddable":true,"href":"https:\/\/theodosiispassov.com\/fr\/wp-json\/wp\/v2\/users\/1"}],"replies":[{"embeddable":true,"href":"https:\/\/theodosiispassov.com\/fr\/wp-json\/wp\/v2\/comments?post=2957"}],"version-history":[{"count":1,"href":"https:\/\/theodosiispassov.com\/fr\/wp-json\/wp\/v2\/pages\/2957\/revisions"}],"predecessor-version":[{"id":6692,"href":"https:\/\/theodosiispassov.com\/fr\/wp-json\/wp\/v2\/pages\/2957\/revisions\/6692"}],"wp:featuredmedia":[{"embeddable":true,"href":"https:\/\/theodosiispassov.com\/fr\/wp-json\/wp\/v2\/media\/6659"}],"wp:attachment":[{"href":"https:\/\/theodosiispassov.com\/fr\/wp-json\/wp\/v2\/media?parent=2957"}],"curies":[{"name":"wp","href":"https:\/\/api.w.org\/{rel}","templated":true}]}}